{"id":51,"date":"2022-11-05T15:11:23","date_gmt":"2022-11-05T14:11:23","guid":{"rendered":"https:\/\/uscale.digital\/en\/?page_id=51"},"modified":"2026-03-11T08:15:13","modified_gmt":"2026-03-11T07:15:13","slug":"cpo-and-emsp-charging-services-study","status":"publish","type":"page","link":"https:\/\/uscale.digital\/en\/cpo-and-emsp-charging-services-study\/","title":{"rendered":"eMobility CPO\/eMSP Charging Services Study 2025"},"content":{"rendered":"\n<div class=\"wp-block-group alignfull is-style-red-background\"><div class=\"wp-block-group__inner-container\">\n<h1 class=\"wp-block-heading\" style=\"text-transform:uppercase\">eMSP\/CPO Charging Services Study 2025<\/h1>\n<\/div><\/div>\n\n\n\n<div class=\"wp-block-group alignfull is-style-grey-background\"><div class=\"wp-block-group__inner-container\">\n<div class=\"wp-block-media-text alignwide is-stacked-on-mobile is-vertically-aligned-top\" style=\"grid-template-columns:35% auto\"><figure class=\"wp-block-media-text__media\"><img loading=\"lazy\" decoding=\"async\" width=\"1024\" height=\"1005\" src=\"https:\/\/uscale.digital\/en\/wp-content\/uploads\/sites\/2\/2025\/09\/Charging-Services-Study-1024x1005.png\" alt=\"Charging Services Study\" class=\"wp-image-1635 size-full\" srcset=\"https:\/\/uscale.digital\/en\/wp-content\/uploads\/sites\/2\/2025\/09\/Charging-Services-Study-1024x1005.png 1024w, https:\/\/uscale.digital\/en\/wp-content\/uploads\/sites\/2\/2025\/09\/Charging-Services-Study-300x294.png 300w, https:\/\/uscale.digital\/en\/wp-content\/uploads\/sites\/2\/2025\/09\/Charging-Services-Study-768x754.png 768w, https:\/\/uscale.digital\/en\/wp-content\/uploads\/sites\/2\/2025\/09\/Charging-Services-Study.png 1145w\" sizes=\"auto, (max-width: 1024px) 100vw, 1024px\" \/><\/figure><div class=\"wp-block-media-text__content\">\n<h2 class=\"wp-block-heading is-style-underlined\"><strong>CPO\/eMSP Charging Services Study: Market Shares and Reasons for Active Usage and Preperences of EV Charging Services<\/strong><\/h2>\n\n\n\n<p>As the range of public charging infrastructure on the market increases, so does competition. In the CPO\/eMSP Charging Services Study, USCALE is now conducting its seventh investigation into <strong>which <\/strong>charge point operators (CPOs) and e-mobility service providers (eMSPs) are preferred by electric car drivers in <strong>which situations<\/strong> and <strong>why<\/strong>.<\/p>\n\n\n\n<p>The study provides current market shares, key provider groups, and explains reasons for usage and switching (<strong>churn<\/strong>).<\/p>\n\n\n\n<p>The focus is on the <strong>customer journey<\/strong>: key decision-making factors are analyzed, from provider selection to usage, supplemented by a <strong>CONJOINT analysis<\/strong> of the most important selection criteria.<\/p>\n\n\n\n<p>Providers receive detailed usage profiles to evaluate their <strong>positioning<\/strong> and develop new <strong>competitive advantages<\/strong>.<\/p>\n\n\n\n<p>The CPO\/eMSP Charging Services Study was conducted online in August 2025 among 2,210 electric car drivers <strong>in Germany<\/strong>, complemented by approximately 500 respondents in each of five other European countries (FR, UK, BE, SV, NO).<\/p>\n\n\n\n<div style=\"height:20px\" aria-hidden=\"true\" class=\"wp-block-spacer\"><\/div>\n\n\n\n<div class=\"wp-block-buttons\">\n<div class=\"wp-block-button\"><a class=\"wp-block-button__link wp-element-button\" href=\"https:\/\/uscale.digital\/en\/wp-content\/uploads\/sites\/2\/2025\/09\/CPO-Charging-Services-Study-2025-Excerpt.pdf\" target=\"_blank\" rel=\"noreferrer noopener\">DOWNLOAD  STUDY EXCERPT <svg class=\"icon\" role=\"img\"><use xlink:href=\"#download\"><\/use><\/svg><\/a><\/div>\n<\/div>\n<\/div><\/div>\n<\/div><\/div>\n\n\n\n<div class=\"wp-block-group\"><div class=\"wp-block-group__inner-container\">\n<h2 class=\"wp-block-heading is-style-underlined\">CONTENTS AND ADDED VALUE OF THE CPO\/eMSP CHARGING SERVICES STUDY<\/h2>\n\n\n\n<div class=\"wp-block-generic-accordion generic-accordion\"><details id=\"contents-of-the-cpo-emsp-charging-service-study\"><summary class=\"accordion-title\">Contents of the CPO\/eMSP Charging Service Study<\/summary><div class=\"accordion-text\">\n<h3 class=\"wp-block-heading\">Segmentation criteria:<\/h3>\n\n\n\n<ul class=\"wp-block-list\">\n<li>Vehicle (make, max DC charging capacity, private vs. company car, employer contribution to charging costs)<\/li>\n\n\n\n<li>EV experience as main segmentation criteria of the study<\/li>\n\n\n\n<li>Driving habits (mileage per year and per weekday)<\/li>\n\n\n\n<li>Charging behavior (charging locations, charging situations, charging frequencies, charging preferences)<\/li>\n\n\n\n<li>Living situation (type of house, type of city)<\/li>\n\n\n\n<li>\u2018Charging types\u2019 derived from charging behaviour, living situation and driving habits (by means of a statistical cluster analysis)<\/li>\n\n\n\n<li>Demographics (age, gender, income)<\/li>\n<\/ul>\n\n\n\n<h3 class=\"wp-block-heading\">Customer Journey to the preferred charging service:<\/h3>\n\n\n\n<ul class=\"wp-block-list\">\n<li>Price-performance customer type (importance of price in relation to performance)<\/li>\n\n\n\n<li>First touchpoint with the charging service currently preferred<\/li>\n\n\n\n<li>Research-oriented customer type (effort invested in research)<\/li>\n\n\n\n<li>Research locations<\/li>\n\n\n\n<li>Exposure and perception of advertisments<\/li>\n\n\n\n<li>Proactive contact by charging service providers<\/li>\n\n\n\n<li>Expectations re car dealers and car brands regarding (OEM-branded) charging offers<\/li>\n<\/ul>\n\n\n\n<h3 class=\"wp-block-heading\">Brand image of CPOs and eMSPs:<\/h3>\n\n\n\n<ul class=\"wp-block-list\">\n<li>ungest\u00fctzte Bekanntheit von Ladedienste-Anbietern<\/li>\n\n\n\n<li>gest\u00fctzte Bekanntheit mit den wichtigsten von Ladedienste-Anbietern<\/li>\n\n\n\n<li>Vertrautheit mit den wichtigsten Anbietern<\/li>\n\n\n\n<li>Markenwahrnehmung (Semantisches Differenzial mit 11 Auspr\u00e4gungen)<\/li>\n\n\n\n<li>Gesamtmarkenwahrnehmung (Marktf\u00fchrerschaft, Qualit\u00e4t, Image, Vertrauensw\u00fcrdigkeit)<\/li>\n<\/ul>\n\n\n\n<h3 class=\"wp-block-heading\">CPO of choice \/ eMSP of choice:<\/h3>\n\n\n\n<ul class=\"wp-block-list\">\n<li>Actively used charging services<\/li>\n\n\n\n<li>Preferred charging services, derived from that:\n<ul class=\"wp-block-list\">\n<li>Market shares of the most important providers or provider groups: supra-regional energy suppliers, municipal utilities, CPOs, roaming providers, OEMs, retailers, employers<\/li>\n\n\n\n<li>Splits according to private and company cars<\/li>\n\n\n\n<li>Split by premium\/non-premium\/Tesla<\/li>\n\n\n\n<li>Split by EV adopter segments, i.e. previous EV experience<\/li>\n<\/ul>\n<\/li>\n\n\n\n<li>Willingness to recommend\/Net Promoter Scores (NPS) for charging services<\/li>\n\n\n\n<li>Criteria for preferred use of a charging service<\/li>\n\n\n\n<li>Most important criterion for preferred use<\/li>\n<\/ul>\n\n\n\n<h3 class=\"wp-block-heading\">Decision for CPO of Choice (CONJOINT analysis)<\/h3>\n\n\n\n<ul class=\"wp-block-list\">\n<li>Benefit values for\n<ul class=\"wp-block-list\">\n<li>Price<\/li>\n\n\n\n<li>Coverage<\/li>\n\n\n\n<li>Type of electricity<\/li>\n\n\n\n<li>Ad hoc payment options<\/li>\n\n\n\n<li>Plug&amp;Charge charging option<\/li>\n\n\n\n<li>Roaming<\/li>\n\n\n\n<li>Availability forecast<\/li>\n<\/ul>\n<\/li>\n\n\n\n<li>Interactive simulator tool with filter option based on previous EV experience and other features<\/li>\n<\/ul>\n\n\n\n<h3 class=\"wp-block-heading\">Relevance of features and filters in charging apps (KANO analysis):<\/h3>\n\n\n\n<ul class=\"wp-block-list\">\n<li>27 app features and filters tested<\/li>\n\n\n\n<li>Per app feature \/ filter:\n<ul class=\"wp-block-list\">\n<li>Basic factors<\/li>\n\n\n\n<li>Performance factors<\/li>\n\n\n\n<li>Excitement factors<\/li>\n\n\n\n<li>Rejection<\/li>\n\n\n\n<li>Irrelevance<\/li>\n<\/ul>\n<\/li>\n<\/ul>\n\n\n\n<h3 class=\"wp-block-heading\">Loyalty \/ customer retention:<\/h3>\n\n\n\n<ul class=\"wp-block-list\">\n<li>Self-assessment \u2018customer retention type\u2019<\/li>\n\n\n\n<li>Moment of provider selection (OEM offers vs. non-OEM offers)<\/li>\n\n\n\n<li>Churn rates of various providers<\/li>\n\n\n\n<li>For those who have left: reasons for churn<\/li>\n\n\n\n<li>For those who have not left: reasons for possible churn<\/li>\n\n\n\n<li>Moments of truth: expected reaction to changes in tariffs or other offer characteristics<\/li>\n<\/ul>\n\n\n\n<h3 class=\"wp-block-heading\">CPO\/eMSP company profiles:<\/h3>\n\n\n\n<ul class=\"wp-block-list\">\n<li>Profiles with market share, NPS value, usage situations, reasons for preference, time for decision of preferred service provider, brand perception and possible reasons for disloyalty (for all: delta to average)<\/li>\n\n\n\n<li>Providers evaluated: Aral pulse, ChargeMap, ChargePoint, eCharge+ (vaylens), Maingau Autostrom, Elli, E.ON Drive, EWE Go, IONITY, mobility+ (EnBW), Shell Recharge, Tesla Supercharger, other municipal utilities, retailers, OEM offers (excluding Tesla), employer offers, etc.<\/li>\n<\/ul>\n\n\n\n<h3 class=\"wp-block-heading\">Payment methods:<\/h3>\n\n\n\n<ul class=\"wp-block-list\">\n<li>Currently used payment methods<\/li>\n\n\n\n<li>Preferred payment methods<\/li>\n\n\n\n<li>Methods used to start the charging process<\/li>\n<\/ul>\n<\/div><\/details><\/div>\n\n\n\n<div class=\"wp-block-generic-accordion generic-accordion\"><details id=\"target-group-of-the-survey\"><summary class=\"accordion-title\">Target group of the survey<\/summary><div class=\"accordion-text\">\n<p>Only owners and drivers of fully battery-electric e-cars were surveyed for the study. The average EV ownership experience of the respondents was 2 to 3 years. All respondents regularly charge in public spaces.<\/p>\n<\/div><\/details><\/div>\n\n\n\n<div class=\"wp-block-generic-accordion generic-accordion\"><details id=\"value-added-and-benefit-for-cpos-and-all-providers-with-an-emsp-service\"><summary class=\"accordion-title\">Value added and benefit for CPOs and all providers with an eMSP service<\/summary><div class=\"accordion-text\">\n<p>The study is mainly aimed at <strong>business developers<\/strong>, <strong>product managers<\/strong> and <strong>marketing experts<\/strong> at <strong>charge point operators (CPOs)<\/strong>, <strong>providers of eMSP services<\/strong> and <strong>car manufacturers or importers<\/strong> with their own eMSP offering.<\/p>\n\n\n\n<p>The eMSP \/ CPO Charging Services study provides the competitive position of all provider groups and large individual providers. It shows eMSP provider groups and large individual providers how their market shares have developed, the most important reasons for use and when and why customers switch to another provider. This enables CPOs and eMSPs to improve the strengths and weaknesses of their own offerings. Product managers receive a qualified basis for the development or revision of their own offers and tariff structures.<\/p>\n<\/div><\/details><\/div>\n\n\n\n<div class=\"wp-block-generic-accordion generic-accordion\"><details id=\"dashboard-for-analysis\"><summary class=\"accordion-title\">Dashboard for analysis<\/summary><div class=\"accordion-text\">\n<p>Many exciting findings only become apparent when the results are evaluated separately according to important customer groups. This allows providers to target their offers to different user segments in a differentiated way. Thanks to the high sample size, subscribers to the study can split the results in the interactive dashboard as they wish and analyse them in detail. <\/p>\n<\/div><\/details><\/div>\n\n\n\n<div class=\"wp-block-generic-accordion generic-accordion\"><details id=\"uscale-focus-studies--user-studies-on-electromobility\"><summary class=\"accordion-title\">USCALE focus studies: User studies on electromobility<\/summary><div class=\"accordion-text\">\n<p>Since 2018, USCALE has been systematically surveying EV drivers about their expectations and experiences at all touchpoints of the e-mobile customer journey. You can find an overview of all USCALE focus studies <a href=\"https:\/\/uscale.digital\/en\/emobility-customer-studies\/\" target=\"_blank\" rel=\"noreferrer noopener\">HERE<\/a>.<\/p>\n\n\n\n<p>We show extracts from other studies in the LinkedIn articles by <a href=\"https:\/\/www.linkedin.com\/company\/uscale-gmbh\/\">USCALE <\/a>and <a href=\"https:\/\/www.linkedin.com\/in\/axel-sprenger\/\">Axel S<\/a><a href=\"https:\/\/www.linkedin.com\/in\/axel-sprenger\/\" target=\"_blank\" rel=\"noreferrer noopener\">prenger<\/a>, our company founder.<\/p>\n\n\n\n<p>If you have any questions, please contact us at <a href=\"mailto:contact@uscale.digital\">contact@uscale.digital<\/a>.<\/p>\n<\/div><\/details><\/div>\n<\/div><\/div>\n","protected":false},"excerpt":{"rendered":"<p>eMSP\/CPO Charging Services Study 2025 CPO\/eMSP Charging Services Study: Market Shares and Reasons for Active Usage and Preperences of EV Charging Services As the range of public charging infrastructure on the market increases, so does competition. In the CPO\/eMSP Charging Services Study, USCALE is now conducting its seventh investigation into which charge point operators (CPOs) [&hellip;]<\/p>\n","protected":false},"author":5,"featured_media":0,"parent":0,"menu_order":0,"comment_status":"closed","ping_status":"closed","template":"","meta":{"footnotes":""},"class_list":["post-51","page","type-page","status-publish","hentry"],"yoast_head":"<!-- This site is optimized with the Yoast SEO plugin v27.3 - https:\/\/yoast.com\/product\/yoast-seo-wordpress\/ -->\n<title>CPO\/eMSP CHARGING SERVICES STUDY<\/title>\n<meta name=\"description\" content=\"The CPO\/eMSP Charging Services Study shows the market shares, reasons for use and brand loyalty of the most important providers in Germany\" \/>\n<meta name=\"robots\" content=\"index, follow, max-snippet:-1, max-image-preview:large, max-video-preview:-1\" \/>\n<link rel=\"canonical\" href=\"https:\/\/uscale.digital\/en\/cpo-and-emsp-charging-services-study\/\" \/>\n<meta property=\"og:locale\" content=\"en_US\" \/>\n<meta property=\"og:type\" content=\"article\" \/>\n<meta property=\"og:title\" content=\"CPO\/eMSP CHARGING SERVICES STUDY\" \/>\n<meta property=\"og:description\" content=\"The CPO\/eMSP Charging Services Study shows the market shares, reasons for use and brand loyalty of the most important providers in Germany\" \/>\n<meta property=\"og:url\" content=\"https:\/\/uscale.digital\/en\/cpo-and-emsp-charging-services-study\/\" \/>\n<meta property=\"og:site_name\" content=\"uscale.digital\" \/>\n<meta property=\"article:modified_time\" content=\"2026-03-11T07:15:13+00:00\" \/>\n<meta property=\"og:image\" content=\"https:\/\/uscale.digital\/en\/wp-content\/uploads\/sites\/2\/2025\/09\/Charging-Services-Study.png\" \/>\n\t<meta property=\"og:image:width\" content=\"1145\" \/>\n\t<meta property=\"og:image:height\" content=\"1124\" \/>\n\t<meta property=\"og:image:type\" content=\"image\/png\" \/>\n<meta name=\"twitter:card\" content=\"summary_large_image\" \/>\n<meta name=\"twitter:label1\" content=\"Est. reading time\" \/>\n\t<meta name=\"twitter:data1\" content=\"5 minutes\" \/>\n<script type=\"application\/ld+json\" class=\"yoast-schema-graph\">{\"@context\":\"https:\\\/\\\/schema.org\",\"@graph\":[{\"@type\":\"WebPage\",\"@id\":\"https:\\\/\\\/uscale.digital\\\/en\\\/cpo-and-emsp-charging-services-study\\\/\",\"url\":\"https:\\\/\\\/uscale.digital\\\/en\\\/cpo-and-emsp-charging-services-study\\\/\",\"name\":\"CPO\\\/eMSP CHARGING SERVICES STUDY\",\"isPartOf\":{\"@id\":\"https:\\\/\\\/uscale.digital\\\/en\\\/#website\"},\"primaryImageOfPage\":{\"@id\":\"https:\\\/\\\/uscale.digital\\\/en\\\/cpo-and-emsp-charging-services-study\\\/#primaryimage\"},\"image\":{\"@id\":\"https:\\\/\\\/uscale.digital\\\/en\\\/cpo-and-emsp-charging-services-study\\\/#primaryimage\"},\"thumbnailUrl\":\"https:\\\/\\\/uscale.digital\\\/en\\\/wp-content\\\/uploads\\\/sites\\\/2\\\/2025\\\/09\\\/Charging-Services-Study-1024x1005.png\",\"datePublished\":\"2022-11-05T14:11:23+00:00\",\"dateModified\":\"2026-03-11T07:15:13+00:00\",\"description\":\"The CPO\\\/eMSP Charging Services Study shows the market shares, reasons for use and brand loyalty of the most important providers in Germany\",\"breadcrumb\":{\"@id\":\"https:\\\/\\\/uscale.digital\\\/en\\\/cpo-and-emsp-charging-services-study\\\/#breadcrumb\"},\"inLanguage\":\"en-US\",\"potentialAction\":[{\"@type\":\"ReadAction\",\"target\":[\"https:\\\/\\\/uscale.digital\\\/en\\\/cpo-and-emsp-charging-services-study\\\/\"]}]},{\"@type\":\"ImageObject\",\"inLanguage\":\"en-US\",\"@id\":\"https:\\\/\\\/uscale.digital\\\/en\\\/cpo-and-emsp-charging-services-study\\\/#primaryimage\",\"url\":\"https:\\\/\\\/uscale.digital\\\/en\\\/wp-content\\\/uploads\\\/sites\\\/2\\\/2025\\\/09\\\/Charging-Services-Study.png\",\"contentUrl\":\"https:\\\/\\\/uscale.digital\\\/en\\\/wp-content\\\/uploads\\\/sites\\\/2\\\/2025\\\/09\\\/Charging-Services-Study.png\",\"width\":1145,\"height\":1124,\"caption\":\"Charging Services Study\"},{\"@type\":\"BreadcrumbList\",\"@id\":\"https:\\\/\\\/uscale.digital\\\/en\\\/cpo-and-emsp-charging-services-study\\\/#breadcrumb\",\"itemListElement\":[{\"@type\":\"ListItem\",\"position\":1,\"name\":\"Home\",\"item\":\"https:\\\/\\\/uscale.digital\\\/en\\\/\"},{\"@type\":\"ListItem\",\"position\":2,\"name\":\"eMobility CPO\\\/eMSP Charging Services Study 2025\"}]},{\"@type\":\"WebSite\",\"@id\":\"https:\\\/\\\/uscale.digital\\\/en\\\/#website\",\"url\":\"https:\\\/\\\/uscale.digital\\\/en\\\/\",\"name\":\"uscale.digital\",\"description\":\"\",\"potentialAction\":[{\"@type\":\"SearchAction\",\"target\":{\"@type\":\"EntryPoint\",\"urlTemplate\":\"https:\\\/\\\/uscale.digital\\\/en\\\/?s={search_term_string}\"},\"query-input\":{\"@type\":\"PropertyValueSpecification\",\"valueRequired\":true,\"valueName\":\"search_term_string\"}}],\"inLanguage\":\"en-US\"}]}<\/script>\n<!-- \/ Yoast SEO plugin. -->","yoast_head_json":{"title":"CPO\/eMSP CHARGING SERVICES STUDY","description":"The CPO\/eMSP Charging Services Study shows the market shares, reasons for use and brand loyalty of the most important providers in Germany","robots":{"index":"index","follow":"follow","max-snippet":"max-snippet:-1","max-image-preview":"max-image-preview:large","max-video-preview":"max-video-preview:-1"},"canonical":"https:\/\/uscale.digital\/en\/cpo-and-emsp-charging-services-study\/","og_locale":"en_US","og_type":"article","og_title":"CPO\/eMSP CHARGING SERVICES STUDY","og_description":"The CPO\/eMSP Charging Services Study shows the market shares, reasons for use and brand loyalty of the most important providers in Germany","og_url":"https:\/\/uscale.digital\/en\/cpo-and-emsp-charging-services-study\/","og_site_name":"uscale.digital","article_modified_time":"2026-03-11T07:15:13+00:00","og_image":[{"width":1145,"height":1124,"url":"https:\/\/uscale.digital\/en\/wp-content\/uploads\/sites\/2\/2025\/09\/Charging-Services-Study.png","type":"image\/png"}],"twitter_card":"summary_large_image","twitter_misc":{"Est. reading time":"5 minutes"},"schema":{"@context":"https:\/\/schema.org","@graph":[{"@type":"WebPage","@id":"https:\/\/uscale.digital\/en\/cpo-and-emsp-charging-services-study\/","url":"https:\/\/uscale.digital\/en\/cpo-and-emsp-charging-services-study\/","name":"CPO\/eMSP CHARGING SERVICES STUDY","isPartOf":{"@id":"https:\/\/uscale.digital\/en\/#website"},"primaryImageOfPage":{"@id":"https:\/\/uscale.digital\/en\/cpo-and-emsp-charging-services-study\/#primaryimage"},"image":{"@id":"https:\/\/uscale.digital\/en\/cpo-and-emsp-charging-services-study\/#primaryimage"},"thumbnailUrl":"https:\/\/uscale.digital\/en\/wp-content\/uploads\/sites\/2\/2025\/09\/Charging-Services-Study-1024x1005.png","datePublished":"2022-11-05T14:11:23+00:00","dateModified":"2026-03-11T07:15:13+00:00","description":"The CPO\/eMSP Charging Services Study shows the market shares, reasons for use and brand loyalty of the most important providers in Germany","breadcrumb":{"@id":"https:\/\/uscale.digital\/en\/cpo-and-emsp-charging-services-study\/#breadcrumb"},"inLanguage":"en-US","potentialAction":[{"@type":"ReadAction","target":["https:\/\/uscale.digital\/en\/cpo-and-emsp-charging-services-study\/"]}]},{"@type":"ImageObject","inLanguage":"en-US","@id":"https:\/\/uscale.digital\/en\/cpo-and-emsp-charging-services-study\/#primaryimage","url":"https:\/\/uscale.digital\/en\/wp-content\/uploads\/sites\/2\/2025\/09\/Charging-Services-Study.png","contentUrl":"https:\/\/uscale.digital\/en\/wp-content\/uploads\/sites\/2\/2025\/09\/Charging-Services-Study.png","width":1145,"height":1124,"caption":"Charging Services Study"},{"@type":"BreadcrumbList","@id":"https:\/\/uscale.digital\/en\/cpo-and-emsp-charging-services-study\/#breadcrumb","itemListElement":[{"@type":"ListItem","position":1,"name":"Home","item":"https:\/\/uscale.digital\/en\/"},{"@type":"ListItem","position":2,"name":"eMobility CPO\/eMSP Charging Services Study 2025"}]},{"@type":"WebSite","@id":"https:\/\/uscale.digital\/en\/#website","url":"https:\/\/uscale.digital\/en\/","name":"uscale.digital","description":"","potentialAction":[{"@type":"SearchAction","target":{"@type":"EntryPoint","urlTemplate":"https:\/\/uscale.digital\/en\/?s={search_term_string}"},"query-input":{"@type":"PropertyValueSpecification","valueRequired":true,"valueName":"search_term_string"}}],"inLanguage":"en-US"}]}},"_links":{"self":[{"href":"https:\/\/uscale.digital\/en\/wp-json\/wp\/v2\/pages\/51","targetHints":{"allow":["GET"]}}],"collection":[{"href":"https:\/\/uscale.digital\/en\/wp-json\/wp\/v2\/pages"}],"about":[{"href":"https:\/\/uscale.digital\/en\/wp-json\/wp\/v2\/types\/page"}],"author":[{"embeddable":true,"href":"https:\/\/uscale.digital\/en\/wp-json\/wp\/v2\/users\/5"}],"replies":[{"embeddable":true,"href":"https:\/\/uscale.digital\/en\/wp-json\/wp\/v2\/comments?post=51"}],"version-history":[{"count":100,"href":"https:\/\/uscale.digital\/en\/wp-json\/wp\/v2\/pages\/51\/revisions"}],"predecessor-version":[{"id":1990,"href":"https:\/\/uscale.digital\/en\/wp-json\/wp\/v2\/pages\/51\/revisions\/1990"}],"wp:attachment":[{"href":"https:\/\/uscale.digital\/en\/wp-json\/wp\/v2\/media?parent=51"}],"curies":[{"name":"wp","href":"https:\/\/api.w.org\/{rel}","templated":true}]}}